{"id":14,"date":"2017-08-17T13:52:58","date_gmt":"2017-08-17T13:52:58","guid":{"rendered":"http:\/\/bridge93.qodeinteractive.com\/?page_id=14"},"modified":"2018-06-21T02:33:16","modified_gmt":"2018-06-21T02:33:16","slug":"home","status":"publish","type":"page","link":"https:\/\/www.matapiojoanglers.com\/en\/","title":{"rendered":"Home"},"content":{"rendered":"<p>[vc_row css_animation=&#8221;&#8221; row_type=&#8221;row&#8221; use_row_as_full_screen_section=&#8221;no&#8221; type=&#8221;full_width&#8221; angled_section=&#8221;no&#8221; text_align=&#8221;center&#8221; background_image_as_pattern=&#8221;without_pattern&#8221; z_index=&#8221;&#8221;][vc_column][qode_elements_holder number_of_columns=&#8221;one_column&#8221;][qode_elements_holder_item item_padding=&#8221;130px 70px 130px 70px&#8221; advanced_animations=&#8221;no&#8221;][vc_column_text]<\/p>\n<h2 style=\"text-align: center;\">Matapiojo Anglers<\/h2>\n<p>[\/vc_column_text][vc_separator type=&#8221;transparent&#8221;][vc_separator type=&#8221;transparent&#8221;][vc_column_text]<\/p>\n<p style=\"text-align: center;\"><span style=\"font-size: 18pt; color: #1a1a1a;\">Matapiojo Lodge located on the banks of the Rio Futaleuf\u00fa invites you to live a unique Fly Fishing experience in Chilean Patagonia.<\/span><\/p>\n<p>[\/vc_column_text][vc_separator type=&#8221;transparent&#8221;][vc_separator type=&#8221;transparent&#8221;]<a  itemprop=\"url\" href=\"http:\/\/www.matapiojoanglers.com\/matapiojoanglers\/\" target=\"_self\" data-hover-background-color=#efefef  class=\"qbutton  medium center default\" style=\"color: #000000; background-color: #baefe9;\">Learn more<\/a>[\/qode_elements_holder_item][\/qode_elements_holder][\/vc_column][\/vc_row][vc_row css_animation=&#8221;&#8221; row_type=&#8221;row&#8221; use_row_as_full_screen_section=&#8221;no&#8221; type=&#8221;full_width&#8221; angled_section=&#8221;no&#8221; text_align=&#8221;left&#8221; background_image_as_pattern=&#8221;without_pattern&#8221;][vc_column][qode_elements_holder number_of_columns=&#8221;three_columns&#8221;][qode_elements_holder_item advanced_animations=&#8221;no&#8221;]<div class='image_hover ' style='' data-transition-delay=''><div class='images_holder'><a itemprop='url' href='http:\/\/www.matapiojoanglers.com\/lodge\/' target='_self'><img itemprop='image' class='active_image ' src='https:\/\/www.matapiojoanglers.com\/wp-content\/uploads\/2018\/05\/961x961-matapiojo-walltents.jpg' alt='' style='' \/><img itemprop='image' class='hover_image' src='https:\/\/www.matapiojoanglers.com\/wp-content\/uploads\/2018\/05\/wall-tents-home-hover-img-matapiojo.jpg' alt='' style='' \/><\/a><\/div><\/div>[\/qode_elements_holder_item][qode_elements_holder_item advanced_animations=&#8221;no&#8221;]<div class='image_hover ' style='' data-transition-delay=''><div class='images_holder'><a itemprop='url' href='http:\/\/www.matapiojoanglers.com\/pesca\/' target='_self'><img itemprop='image' class='active_image ' src='https:\/\/www.matapiojoanglers.com\/wp-content\/uploads\/2018\/05\/961x961-matapiojo-pesca.jpg' alt='' style='' \/><img itemprop='image' class='hover_image' src='https:\/\/www.matapiojoanglers.com\/wp-content\/uploads\/2018\/05\/fly-fishing-home-hover.jpg' alt='' style='' \/><\/a><\/div><\/div>[\/qode_elements_holder_item][qode_elements_holder_item advanced_animations=&#8221;no&#8221;]<div class='image_hover ' style='' data-transition-delay=''><div class='images_holder'><a itemprop='url' href='http:\/\/www.matapiojoanglers.com\/blog\/' target='_self'><img itemprop='image' class='active_image ' src='https:\/\/www.matapiojoanglers.com\/wp-content\/uploads\/2018\/05\/961x961-matapiojo-blog.jpg' alt='' style='' \/><img itemprop='image' class='hover_image' src='https:\/\/www.matapiojoanglers.com\/wp-content\/uploads\/2018\/05\/blog-home-hover-img-matapiojo-blog.jpg' alt='' style='' \/><\/a><\/div><\/div>[\/qode_elements_holder_item][\/qode_elements_holder][\/vc_column][\/vc_row][vc_row css_animation=&#8221;&#8221; row_type=&#8221;row&#8221; use_row_as_full_screen_section=&#8221;no&#8221; type=&#8221;full_width&#8221; angled_section=&#8221;no&#8221; text_align=&#8221;left&#8221; background_image_as_pattern=&#8221;without_pattern&#8221;][vc_column][qode_elements_holder number_of_columns=&#8221;two_columns&#8221;][qode_elements_holder_item item_padding=&#8221;50px 50px 50px 50px&#8221; advanced_animations=&#8221;no&#8221;][vc_column_text]<span style=\"font-size: 24pt; color: #1a1a1a;\"><strong><span style=\"font-size: 36pt;\">Lodge<\/span> <span style=\"font-size: 18pt;\"><sup>Matapiojo<\/sup><\/span><\/strong><\/span>[\/vc_column_text][vc_separator type=&#8221;transparent&#8221;][vc_separator type=&#8221;transparent&#8221;][vc_column_text]<span style=\"font-size: 14pt; color: #1a1a1a;\">We are more than a fishing lodge where you can enjoy the outdoor world in all its dimensions: trekking, rafting, rural tourism and much more.<\/span>[\/vc_column_text][vc_separator type=&#8221;transparent&#8221;][vc_separator type=&#8221;transparent&#8221;]<a  itemprop=\"url\" href=\"http:\/\/www.matapiojoanglers.com\/lodge\" target=\"_self\" data-hover-background-color=#efefef data-hover-color=#1a1a1a class=\"qbutton  default\" style=\"color: #1a1a1a; background-color: #baefe9;\">Learn more<\/a>[\/qode_elements_holder_item][qode_elements_holder_item advanced_animations=&#8221;no&#8221;][vc_single_image image=&#8221;948&#8243; img_size=&#8221;full&#8221; qode_css_animation=&#8221;&#8221;][\/qode_elements_holder_item][\/qode_elements_holder][\/vc_column][\/vc_row][vc_row css_animation=&#8221;&#8221; row_type=&#8221;row&#8221; use_row_as_full_screen_section=&#8221;no&#8221; type=&#8221;full_width&#8221; angled_section=&#8221;no&#8221; text_align=&#8221;left&#8221; background_image_as_pattern=&#8221;without_pattern&#8221;][vc_column][qode_elements_holder number_of_columns=&#8221;two_columns&#8221;][qode_elements_holder_item advanced_animations=&#8221;no&#8221;][vc_single_image image=&#8221;547&#8243; img_size=&#8221;full&#8221; qode_css_animation=&#8221;&#8221;][\/qode_elements_holder_item][qode_elements_holder_item item_padding=&#8221;50px 50px 50px 50px&#8221; advanced_animations=&#8221;no&#8221;][vc_column_text]<span style=\"font-size: 24pt; color: #1a1a1a;\"><strong><span style=\"font-size: 36pt;\">Fly<\/span> <span style=\"font-size: 24pt;\"><sup>Fishing<\/sup><\/span><\/strong><\/span>[\/vc_column_text][vc_separator type=&#8221;transparent&#8221;][vc_separator type=&#8221;transparent&#8221;][vc_column_text]<span style=\"font-size: 14pt; color: #1a1a1a;\"><strong>Matapiojo Lodge<\/strong>The best rivers and lakes for Fly Fishing in Patagonia.<\/span>[\/vc_column_text][vc_separator type=&#8221;transparent&#8221;][vc_separator type=&#8221;transparent&#8221;]<a  itemprop=\"url\" href=\"http:\/\/www.matapiojoanglers.com\/pesca\" target=\"_self\" data-hover-background-color=#efefef data-hover-color=#1a1a1a class=\"qbutton  default\" style=\"color: #1a1a1a; background-color: #baefe9;\">Learn more<\/a>[\/qode_elements_holder_item][\/qode_elements_holder][\/vc_column][\/vc_row][vc_row css_animation=&#8221;&#8221; row_type=&#8221;row&#8221; use_row_as_full_screen_section=&#8221;no&#8221; type=&#8221;full_width&#8221; angled_section=&#8221;no&#8221; text_align=&#8221;left&#8221; background_image_as_pattern=&#8221;without_pattern&#8221;][vc_column]<div class=\"qode_video_box\">\r\n\t<a itemprop=\"image\" class=\"qode_video_image\" href=\"https:\/\/vimeo.com\/180801661\" data-rel=\"prettyPhoto\">\r\n\t\t\t\r\n\t\t\t<img src=\"https:\/\/www.matapiojoanglers.com\/wp-content\/uploads\/2018\/06\/pesca-video.jpg\" \/>\r\n\t\t\t<span class=\"qode_video_box_button_holder\">\r\n\t\t\t\t<span class=\"qode_video_box_button\">\r\n\t\t\t\t\t<span class=\"qode_video_box_button_arrow\">\r\n\t\t\t\t\t<\/span>\r\n\t\t\t\t<\/span>\r\n\t\t\t<\/span>\r\n\t\t\t<\/a>\r\n<\/div>[\/vc_column][\/vc_row][vc_row css_animation=&#8221;&#8221; row_type=&#8221;row&#8221; use_row_as_full_screen_section=&#8221;yes&#8221; type=&#8221;full_width&#8221; angled_section=&#8221;no&#8221; text_align=&#8221;left&#8221; background_image_as_pattern=&#8221;without_pattern&#8221; background_color=&#8221;#ffffff&#8221; css=&#8221;.vc_custom_1525821973564{padding-top: 80px !important;padding-bottom: 80px !important;}&#8221; z_index=&#8221;&#8221;][vc_column width=&#8221;1\/4&#8243;][\/vc_column][vc_column width=&#8221;1\/2&#8243;][vc_column_text css=&#8221;.vc_custom_1525838038987{padding-right: 88px !important;padding-left: 88px !important;}&#8221;]<\/p>\n<p style=\"text-align: center;\"><span style=\"font-size: 24pt; color: #1a1a1a;\"><b>Testimonios<\/b><\/span><\/p>\n<p>[\/vc_column_text][vc_separator type=&#8221;transparent&#8221;][vc_separator type=&#8221;transparent&#8221;]<div class='testimonials_holder clearfix dark'><div class=\"testimonials testimonials_carousel\" data-show-navigation=\"yes\" data-animation-type=\"fade\" data-animation-speed=\"\" data-auto-rotate-slides=\"3\" data-number-per-slide=\"1\"><ul class=\"slides\"><li id=\"testimonials601\" class=\"testimonial_content\"><div class=\"testimonial_content_inner\"><div class=\"testimonial_image_holder\"><img itemprop=\"image\" src=\"https:\/\/www.matapiojoanglers.com\/wp-content\/uploads\/2018\/05\/Cliente-Siegfriedvongehr.png\" \/><\/div><div class=\"testimonial_text_holder\"><div class=\"testimonial_text_inner\" style=\"\"><p>I want to go fishing with Matapiojo Anglers.<\/p><p class=\"testimonial_author\" style=\"\">Siegfried von Gerhr - Germany<\/p><\/div><\/div><\/div><\/li><li id=\"testimonials600\" class=\"testimonial_content\"><div class=\"testimonial_content_inner\"><div class=\"testimonial_image_holder\"><img itemprop=\"image\" src=\"https:\/\/www.matapiojoanglers.com\/wp-content\/uploads\/2018\/05\/James-Wilson.png\" \/><\/div><div class=\"testimonial_text_holder\"><div class=\"testimonial_text_inner\" style=\"\"><p>Matapiojo Anglers is the best lodge service in Chile. The guys are amazing and the fishing awesome.<\/p><p class=\"testimonial_author\" style=\"\">James Wilson - Canada <\/p><\/div><\/div><\/div><\/li><li id=\"testimonials599\" class=\"testimonial_content\"><div class=\"testimonial_content_inner\"><div class=\"testimonial_image_holder\"><img itemprop=\"image\" src=\"https:\/\/www.matapiojoanglers.com\/wp-content\/uploads\/2018\/05\/Esteban-Salas.png\" \/><\/div><div class=\"testimonial_text_holder\"><div class=\"testimonial_text_inner\" style=\"\"><p>Excelentes d\u00edas de pesca, diferentes lugares y el mismo resultado. Muchas gracias Matapiojo Anglers por la organizaci\u00f3n y dedicaci\u00f3n.<\/p><p class=\"testimonial_author\" style=\"\">Esteban Salas - Chile<\/p><\/div><\/div><\/div><\/li><li id=\"testimonials598\" class=\"testimonial_content\"><div class=\"testimonial_content_inner\"><div class=\"testimonial_image_holder\"><img itemprop=\"image\" src=\"https:\/\/www.matapiojoanglers.com\/wp-content\/uploads\/2018\/05\/Ricardo-Siebert.png\" \/><\/div><div class=\"testimonial_text_holder\"><div class=\"testimonial_text_inner\" style=\"\"><p>Incre\u00edble fin de semana de pesca. Objetivos cumplidos en un 100% Se agradece la buena onda y excelente coordinaci\u00f3n. Buena pesca, buena comida y buena compa\u00f1\u00eda. De seguro volveremos.<\/p><p class=\"testimonial_author\" style=\"\">Ricardo Siebert - Chile <\/p><\/div><\/div><\/div><\/li><li id=\"testimonials596\" class=\"testimonial_content\"><div class=\"testimonial_content_inner\"><div class=\"testimonial_image_holder\"><img itemprop=\"image\" src=\"https:\/\/www.matapiojoanglers.com\/wp-content\/uploads\/2018\/05\/Christop-Buller.png\" \/><\/div><div class=\"testimonial_text_holder\"><div class=\"testimonial_text_inner\" style=\"\"><p>Fishing the Maullin river with Francisco from Matapiojo Anglers, was pure excitement. I caught many many brown and rainbow trout and even one endemic perch-pike during the beautiful 14km floating trip along this great river.<\/p><p class=\"testimonial_author\" style=\"\">Christoph Buller - Ireland<\/p><\/div><\/div><\/div><\/li><li id=\"testimonials595\" class=\"testimonial_content\"><div class=\"testimonial_content_inner\"><div class=\"testimonial_image_holder\"><img itemprop=\"image\" src=\"https:\/\/www.matapiojoanglers.com\/wp-content\/uploads\/2018\/05\/cliente-mario-salvador-matapiojo.png\" \/><\/div><div class=\"testimonial_text_holder\"><div class=\"testimonial_text_inner\" style=\"\"><p>Siempre estar\u00e9 agradecido por las ense\u00f1anzas y paciencia. Lo pas\u00e9 muy pero muy bien.<\/p><p class=\"testimonial_author\" style=\"\">Mario Salvador - Argentina <\/p><\/div><\/div><\/div><\/li><li id=\"testimonials594\" class=\"testimonial_content\"><div class=\"testimonial_content_inner\"><div class=\"testimonial_image_holder\"><img itemprop=\"image\" src=\"https:\/\/www.matapiojoanglers.com\/wp-content\/uploads\/2018\/05\/Aldo-Zucchi.png\" \/><\/div><div class=\"testimonial_text_holder\"><div class=\"testimonial_text_inner\" style=\"\"><p>Se nota mucho que disfrutan su trabajo. Hemos pasado unos momentos incre\u00edbles y dentro de poco iremos a pescar nuevamente. Mando un gran abrazo y gracias por hacer un gran momento en nuestras vidas que nunca olvidaremos.<\/p><p class=\"testimonial_author\" style=\"\">Aldo Zucchi - Argentina<\/p><\/div><\/div><\/div><\/li><li id=\"testimonials210\" class=\"testimonial_content\"><div class=\"testimonial_content_inner\"><div class=\"testimonial_image_holder\"><img itemprop=\"image\" src=\"https:\/\/www.matapiojoanglers.com\/wp-content\/uploads\/2018\/05\/Marcelo-Travieso.png\" \/><\/div><div class=\"testimonial_text_holder\"><div class=\"testimonial_text_inner\" style=\"\"><p>Fuimos una semana a pescar con muchas expectativas. Matapiojo Anglers las super\u00f3 a todas con creces y es realmente notorio su dedicaci\u00f3n y detalles por atendernos bien.<\/p><p class=\"testimonial_author\" style=\"\">Marcelo Travieso - Argentina<\/p><\/div><\/div><\/div><\/li><li id=\"testimonials208\" class=\"testimonial_content\"><div class=\"testimonial_content_inner\"><div class=\"testimonial_image_holder\"><img itemprop=\"image\" src=\"https:\/\/www.matapiojoanglers.com\/wp-content\/uploads\/2018\/05\/Randy-Rous.png\" \/><\/div><div class=\"testimonial_text_holder\"><div class=\"testimonial_text_inner\" style=\"\"><p>My experience with Matapiojo Anglers was top notch We had a wonderful day on the water catching fish with a friendly, experienced guide. Highly recommended!<\/p><p class=\"testimonial_author\" style=\"\">Randy Rous - USA<\/p><\/div><\/div><\/div><\/li><\/ul><\/div><\/div>[\/vc_column][vc_column width=&#8221;1\/4&#8243;][\/vc_column][\/vc_row][vc_row css_animation=&#8221;&#8221; row_type=&#8221;row&#8221; use_row_as_full_screen_section=&#8221;no&#8221; type=&#8221;full_width&#8221; angled_section=&#8221;no&#8221; text_align=&#8221;left&#8221; background_image_as_pattern=&#8221;without_pattern&#8221; css=&#8221;.vc_custom_1525822050046{padding-top: 80px !important;padding-bottom: 40px !important;padding-left: 80px !important;}&#8221; z_index=&#8221;&#8221;][vc_column][vc_column_text]<span style=\"font-size: 18pt;\"><span style=\"color: #1a1a1a;\">Follow us on Instagram<\/span> <span style=\"color: #baefe9;\"><a style=\"color: #baefe9;\" href=\"https:\/\/www.instagram.com\/matapiojoanglers\/\">@matapiojoanglers<\/a><\/span><\/span>[\/vc_column_text][\/vc_column][\/vc_row][vc_row css_animation=&#8221;&#8221; row_type=&#8221;row&#8221; use_row_as_full_screen_section=&#8221;no&#8221; type=&#8221;full_width&#8221; angled_section=&#8221;no&#8221; text_align=&#8221;left&#8221; background_image_as_pattern=&#8221;without_pattern&#8221; z_index=&#8221;&#8221;][vc_column][vc_column_text]<div data-is data-is-access-token=\"1557235751.aeeff59.3898ad7c4fe1447fbf0a056396556c42\" data-is-columns=\"6\"><\/div>[\/vc_column_text][\/vc_column][\/vc_row][vc_row css_animation=&#8221;&#8221; row_type=&#8221;row&#8221; use_row_as_full_screen_section=&#8221;no&#8221; type=&#8221;full_width&#8221; angled_section=&#8221;no&#8221; text_align=&#8221;left&#8221; background_image=&#8221;1251&#8243; background_image_as_pattern=&#8221;without_pattern&#8221; padding_top=&#8221;40&#8243; padding_bottom=&#8221;40&#8243; z_index=&#8221;&#8221; css=&#8221;.vc_custom_1527881235781{padding-top: 70px !important;padding-bottom: 70px !important;}&#8221;][vc_column width=&#8221;1\/2&#8243;][qode_elements_holder number_of_columns=&#8221;two_columns&#8221;][qode_elements_holder_item item_padding=&#8221;10px 0px 10px 60px &#8221; advanced_animations=&#8221;no&#8221;][vc_column_text]<span style=\"color: #ffffff; font-size: 24pt;\"><strong>Make a reservation<\/strong><\/span>[\/vc_column_text][vc_separator type=&#8221;transparent&#8221;][vc_column_text]<span style=\"font-size: 18pt; color: #ffffff;\">Experience Fly Fishing in Chilean Patagonia.<\/span>[\/vc_column_text][vc_separator type=&#8221;transparent&#8221;]<a  itemprop=\"url\" href=\"http:\/\/www.matapiojoanglers.com\/reservas\/\" target=\"_self\" data-hover-background-color=#efefef data-hover-color=#1a1a1a class=\"qbutton  default\" style=\"color: #1a1a1a; background-color: #baefe9;\">Reservations<\/a>[\/qode_elements_holder_item][\/qode_elements_holder][\/vc_column][vc_column width=&#8221;1\/2&#8243;][\/vc_column][\/vc_row]<\/p>","protected":false},"excerpt":{"rendered":"<p>[vc_row css_animation=&#8221;&#8221; row_type=&#8221;row&#8221; use_row_as_full_screen_section=&#8221;no&#8221; type=&#8221;full_width&#8221; angled_section=&#8221;no&#8221; text_align=&#8221;center&#8221; background_image_as_pattern=&#8221;without_pattern&#8221; z_index=&#8221;&#8221;][vc_column][qode_elements_holder number_of_columns=&#8221;one_column&#8221;][qode_elements_holder_item item_padding=&#8221;130px 70px 130px 70px&#8221; advanced_animations=&#8221;no&#8221;][vc_column_text] Matapiojo Anglers [\/vc_column_text][vc_separator type=&#8221;transparent&#8221;][vc_separator type=&#8221;transparent&#8221;][vc_column_text] Matapiojo Lodge located on the banks of the Rio Futaleuf\u00fa invites you to live a unique Fly Fishing experience in Chilean Patagonia. [\/vc_column_text][vc_separator type=&#8221;transparent&#8221;][vc_separator type=&#8221;transparent&#8221;][\/qode_elements_holder_item][\/qode_elements_holder][\/vc_column][\/vc_row][vc_row&#8230;<\/p>\n","protected":false},"author":1,"featured_media":0,"parent":0,"menu_order":0,"comment_status":"closed","ping_status":"closed","template":"full_width.php","meta":[],"_links":{"self":[{"href":"https:\/\/www.matapiojoanglers.com\/en\/wp-json\/wp\/v2\/pages\/14"}],"collection":[{"href":"https:\/\/www.matapiojoanglers.com\/en\/wp-json\/wp\/v2\/pages"}],"about":[{"href":"https:\/\/www.matapiojoanglers.com\/en\/wp-json\/wp\/v2\/types\/page"}],"author":[{"embeddable":true,"href":"https:\/\/www.matapiojoanglers.com\/en\/wp-json\/wp\/v2\/users\/1"}],"replies":[{"embeddable":true,"href":"https:\/\/www.matapiojoanglers.com\/en\/wp-json\/wp\/v2\/comments?post=14"}],"version-history":[{"count":205,"href":"https:\/\/www.matapiojoanglers.com\/en\/wp-json\/wp\/v2\/pages\/14\/revisions"}],"predecessor-version":[{"id":467,"href":"https:\/\/www.matapiojoanglers.com\/en\/wp-json\/wp\/v2\/pages\/14\/revisions\/467"}],"wp:attachment":[{"href":"https:\/\/www.matapiojoanglers.com\/en\/wp-json\/wp\/v2\/media?parent=14"}],"curies":[{"name":"wp","href":"https:\/\/api.w.org\/{rel}","templated":true}]}}